{"id":5067,"date":"2020-02-05T10:47:40","date_gmt":"2020-02-05T09:47:40","guid":{"rendered":"http:\/\/s486948380.onlinehome.fr\/NewWp\/?page_id=5067"},"modified":"2021-06-25T14:48:02","modified_gmt":"2021-06-25T12:48:02","slug":"politique-de-cookies","status":"publish","type":"page","link":"http:\/\/s486948380.onlinehome.fr\/NewWp\/politique-de-cookies\/","title":{"rendered":"Politique de cookies"},"content":{"rendered":"<h2>Les cookies<\/h2>\n<h3><strong>Qu&#8217;est-ce qu&#8217;un cookie ?<\/strong><\/h3>\n<p>Un cookie est fichier texte d\u00e9pos\u00e9 sur votre ordinateur par le site internet, afin de stocker des informations vous concernant (par exemple : mot de passe pour une saisie semi-automatique, langue utilis\u00e9e, pages du site visit\u00e9es, etc.).<\/p>\n<h3><strong>Vos traces, vos droits<\/strong><\/h3>\n<p>Pour tout savoir sur les cookies, vos traces, vos droits, vous pouvez consulter\u00a0<a href=\"https:\/\/www.cnil.fr\/fr\/maitriser-mes-donnees\" target=\"_blank\" rel=\"noopener noreferrer\">la\u00a0section d\u00e9di\u00e9e sur le site de la CNIL<\/a>.<\/p>\n<h3><strong>Donn\u00e9es personnelles de l\u2019utilisateur<\/strong><\/h3>\n<p>L\u2019acc\u00e8s \u00e0 certains contenus du site internet suppose que l\u2019utilisateur nous transmette des donn\u00e9es personnelles le concernant.<\/p>\n<p>L\u2019utilisateur est inform\u00e9 que lors de ses visites sur le site internet, un cookie peut \u00eatre implant\u00e9 dans son ordinateur. Un cookie ne permet pas d\u2019identifier l\u2019utilisateur. De mani\u00e8re g\u00e9n\u00e9rale, il enregistre des informations relatives \u00e0 la navigation de son ordinateur sur le site (les pages consult\u00e9es, la date et l\u2019heure de la consultation) qui pourront \u00eatre lues lors de ses visites ult\u00e9rieures.<\/p>\n<h3><strong>Comment g\u00e9rer ses pr\u00e9f\u00e9rences ?<\/strong><\/h3>\n<p>L\u2019utilisateur peut s\u2019opposer \u00e0 l\u2019enregistrement de cookies, ou \u00eatre pr\u00e9venu avant d\u2019accepter les cookies, en configurant son ordinateur de la mani\u00e8re suivante :<\/p>\n<p><a href=\"https:\/\/support.google.com\/accounts\/answer\/61416?hl=fr\" target=\"_blank\" rel=\"noopener noreferrer\">Google Chrome<\/a><br \/>\n<a href=\"https:\/\/support.mozilla.org\/fr\/kb\/autoriser-bloquer-cookies-preferences-sites?redirectlocale=fr&amp;redirectslug=activer-desactiver-cookies\" target=\"_blank\" rel=\"noopener noreferrer\">Mozilla Firefox<\/a><br \/>\n<a href=\"https:\/\/support.microsoft.com\/fr-fr\/help\/17442\/windows-internet-explorer-delete-manage-cookies\" target=\"_blank\" rel=\"noopener noreferrer\">Internet explorer<\/a><br \/>\n<a href=\"https:\/\/support.apple.com\/fr-fr\/HT201265\" target=\"_blank\" rel=\"noopener noreferrer\">Apple Safari<\/a><br \/>\n<a href=\"https:\/\/help.opera.com\/en\/latest\/security-and-privacy\/\" target=\"_blank\" rel=\"noopener noreferrer\">Op\u00e9ra<\/a><\/p>\n<h3><strong>Utilisation<\/strong><\/h3>\n<p>Nous utilisons les cookies avec le service Google Analytics, pour reconna\u00eetre votre navigateur, enregistrer les mesures d\u2019audience et vos param\u00e8tres (r\u00e9ponses aux sondages ou quizz en ligne, pr\u00e9f\u00e9rences, etc.). L\u2019utilisation des cookies nous permet d\u2019am\u00e9liorer l\u2019exp\u00e9rience utilisateur.<\/p>\n","protected":false},"excerpt":{"rendered":"<p>Les cookies Qu&#8217;est-ce qu&#8217;un cookie ? Un cookie est fichier texte d\u00e9pos\u00e9 sur votre ordinateur par le site internet, afin de stocker des informations vous concernant (par exemple : mot [&hellip;]<\/p>\n","protected":false},"author":3,"featured_media":0,"parent":0,"menu_order":0,"comment_status":"closed","ping_status":"closed","template":"page-templates\/page-content-right.php","meta":{"cybocfi_hide_featured_image":"","footnotes":""},"class_list":["post-5067","page","type-page","status-publish","hentry","clearfix"],"yoast_head":"<!-- This site is optimized with the Yoast SEO plugin v27.6 - https:\/\/yoast.com\/product\/yoast-seo-wordpress\/ -->\n<title>Politique de cookies - TEST<\/title>\n<meta name=\"robots\" content=\"noindex, follow, max-snippet:-1, max-image-preview:large, max-video-preview:-1\" \/>\n<meta property=\"og:locale\" content=\"fr_FR\" \/>\n<meta property=\"og:type\" content=\"article\" \/>\n<meta property=\"og:title\" content=\"Politique de cookies - TEST\" \/>\n<meta property=\"og:description\" content=\"Les cookies Qu&#8217;est-ce qu&#8217;un cookie ? Un cookie est fichier texte d\u00e9pos\u00e9 sur votre ordinateur par le site internet, afin de stocker des informations vous concernant (par exemple : mot [&hellip;]\" \/>\n<meta property=\"og:url\" content=\"http:\/\/s486948380.onlinehome.fr\/NewWp\/politique-de-cookies\/\" \/>\n<meta property=\"og:site_name\" content=\"TEST\" \/>\n<meta property=\"article:modified_time\" content=\"2021-06-25T12:48:02+00:00\" \/>\n<meta name=\"twitter:card\" content=\"summary_large_image\" \/>\n<meta name=\"twitter:label1\" content=\"Dur\u00e9e de lecture estim\u00e9e\" \/>\n\t<meta name=\"twitter:data1\" content=\"1 minute\" \/>\n<script type=\"application\/ld+json\" class=\"yoast-schema-graph\">{\"@context\":\"https:\\\/\\\/schema.org\",\"@graph\":[{\"@type\":\"WebPage\",\"@id\":\"http:\\\/\\\/s486948380.onlinehome.fr\\\/NewWp\\\/politique-de-cookies\\\/\",\"url\":\"http:\\\/\\\/s486948380.onlinehome.fr\\\/NewWp\\\/politique-de-cookies\\\/\",\"name\":\"Politique de cookies - TEST\",\"isPartOf\":{\"@id\":\"http:\\\/\\\/s486948380.onlinehome.fr\\\/NewWp\\\/#website\"},\"datePublished\":\"2020-02-05T09:47:40+00:00\",\"dateModified\":\"2021-06-25T12:48:02+00:00\",\"breadcrumb\":{\"@id\":\"http:\\\/\\\/s486948380.onlinehome.fr\\\/NewWp\\\/politique-de-cookies\\\/#breadcrumb\"},\"inLanguage\":\"fr-FR\",\"potentialAction\":[{\"@type\":\"ReadAction\",\"target\":[\"http:\\\/\\\/s486948380.onlinehome.fr\\\/NewWp\\\/politique-de-cookies\\\/\"]}]},{\"@type\":\"BreadcrumbList\",\"@id\":\"http:\\\/\\\/s486948380.onlinehome.fr\\\/NewWp\\\/politique-de-cookies\\\/#breadcrumb\",\"itemListElement\":[{\"@type\":\"ListItem\",\"position\":1,\"name\":\"Accueil\",\"item\":\"http:\\\/\\\/s486948380.onlinehome.fr\\\/NewWp\\\/\"},{\"@type\":\"ListItem\",\"position\":2,\"name\":\"Politique de cookies\"}]},{\"@type\":\"WebSite\",\"@id\":\"http:\\\/\\\/s486948380.onlinehome.fr\\\/NewWp\\\/#website\",\"url\":\"http:\\\/\\\/s486948380.onlinehome.fr\\\/NewWp\\\/\",\"name\":\"TEST\",\"description\":\"TEST\",\"potentialAction\":[{\"@type\":\"SearchAction\",\"target\":{\"@type\":\"EntryPoint\",\"urlTemplate\":\"http:\\\/\\\/s486948380.onlinehome.fr\\\/NewWp\\\/?s={search_term_string}\"},\"query-input\":{\"@type\":\"PropertyValueSpecification\",\"valueRequired\":true,\"valueName\":\"search_term_string\"}}],\"inLanguage\":\"fr-FR\"}]}<\/script>\n<!-- \/ Yoast SEO plugin. -->","yoast_head_json":{"title":"Politique de cookies - TEST","robots":{"index":"noindex","follow":"follow","max-snippet":"max-snippet:-1","max-image-preview":"max-image-preview:large","max-video-preview":"max-video-preview:-1"},"og_locale":"fr_FR","og_type":"article","og_title":"Politique de cookies - TEST","og_description":"Les cookies Qu&#8217;est-ce qu&#8217;un cookie ? Un cookie est fichier texte d\u00e9pos\u00e9 sur votre ordinateur par le site internet, afin de stocker des informations vous concernant (par exemple : mot [&hellip;]","og_url":"http:\/\/s486948380.onlinehome.fr\/NewWp\/politique-de-cookies\/","og_site_name":"TEST","article_modified_time":"2021-06-25T12:48:02+00:00","twitter_card":"summary_large_image","twitter_misc":{"Dur\u00e9e de lecture estim\u00e9e":"1 minute"},"schema":{"@context":"https:\/\/schema.org","@graph":[{"@type":"WebPage","@id":"http:\/\/s486948380.onlinehome.fr\/NewWp\/politique-de-cookies\/","url":"http:\/\/s486948380.onlinehome.fr\/NewWp\/politique-de-cookies\/","name":"Politique de cookies - TEST","isPartOf":{"@id":"http:\/\/s486948380.onlinehome.fr\/NewWp\/#website"},"datePublished":"2020-02-05T09:47:40+00:00","dateModified":"2021-06-25T12:48:02+00:00","breadcrumb":{"@id":"http:\/\/s486948380.onlinehome.fr\/NewWp\/politique-de-cookies\/#breadcrumb"},"inLanguage":"fr-FR","potentialAction":[{"@type":"ReadAction","target":["http:\/\/s486948380.onlinehome.fr\/NewWp\/politique-de-cookies\/"]}]},{"@type":"BreadcrumbList","@id":"http:\/\/s486948380.onlinehome.fr\/NewWp\/politique-de-cookies\/#breadcrumb","itemListElement":[{"@type":"ListItem","position":1,"name":"Accueil","item":"http:\/\/s486948380.onlinehome.fr\/NewWp\/"},{"@type":"ListItem","position":2,"name":"Politique de cookies"}]},{"@type":"WebSite","@id":"http:\/\/s486948380.onlinehome.fr\/NewWp\/#website","url":"http:\/\/s486948380.onlinehome.fr\/NewWp\/","name":"TEST","description":"TEST","potentialAction":[{"@type":"SearchAction","target":{"@type":"EntryPoint","urlTemplate":"http:\/\/s486948380.onlinehome.fr\/NewWp\/?s={search_term_string}"},"query-input":{"@type":"PropertyValueSpecification","valueRequired":true,"valueName":"search_term_string"}}],"inLanguage":"fr-FR"}]}},"jetpack_shortlink":"https:\/\/wp.me\/PbFsbM-1jJ","jetpack_sharing_enabled":false,"_links":{"self":[{"href":"http:\/\/s486948380.onlinehome.fr\/NewWp\/wp-json\/wp\/v2\/pages\/5067","targetHints":{"allow":["GET"]}}],"collection":[{"href":"http:\/\/s486948380.onlinehome.fr\/NewWp\/wp-json\/wp\/v2\/pages"}],"about":[{"href":"http:\/\/s486948380.onlinehome.fr\/NewWp\/wp-json\/wp\/v2\/types\/page"}],"author":[{"embeddable":true,"href":"http:\/\/s486948380.onlinehome.fr\/NewWp\/wp-json\/wp\/v2\/users\/3"}],"replies":[{"embeddable":true,"href":"http:\/\/s486948380.onlinehome.fr\/NewWp\/wp-json\/wp\/v2\/comments?post=5067"}],"version-history":[{"count":2,"href":"http:\/\/s486948380.onlinehome.fr\/NewWp\/wp-json\/wp\/v2\/pages\/5067\/revisions"}],"predecessor-version":[{"id":17728,"href":"http:\/\/s486948380.onlinehome.fr\/NewWp\/wp-json\/wp\/v2\/pages\/5067\/revisions\/17728"}],"wp:attachment":[{"href":"http:\/\/s486948380.onlinehome.fr\/NewWp\/wp-json\/wp\/v2\/media?parent=5067"}],"curies":[{"name":"wp","href":"https:\/\/api.w.org\/{rel}","templated":true}]}}