{"id":20558,"date":"2021-06-10T15:36:54","date_gmt":"2021-06-10T13:36:54","guid":{"rendered":"http:\/\/s486948380.onlinehome.fr\/NewWp\/?page_id=20558"},"modified":"2021-06-16T17:38:15","modified_gmt":"2021-06-16T15:38:15","slug":"prendre-rdv","status":"publish","type":"page","link":"http:\/\/s486948380.onlinehome.fr\/NewWp\/prendre-rdv\/","title":{"rendered":"Prendre Rendez-vous pour vos d\u00e9marches administratives"},"content":{"rendered":"<p><iframe loading=\"lazy\" id=\"609a7463e4479f1189b99e57\" title=\"Demander en ligne\" src=\"https:\/\/book.timify.com?accountId=609a7463e4479f1189b99e57&amp;fullscreen=1&amp;hideCloseButton=1&amp;locale=fr-fr\" width=\"100%\" height=\"500\"><\/iframe><\/p>\n<p><a class=\"readmore\" title=\"Retour \u00e0 la page des d\u00e9marches administratives - www.hasparren.fr\" href=\"http:\/\/s486948380.onlinehome.fr\/NewWp\/demarches-administratives-2\/\" rel=\"noopener noreferrer\">Retour \u00e0 la page des d\u00e9marches administratives<\/a><\/p>\n","protected":false},"excerpt":{"rendered":"<p>Retour \u00e0 la page des d\u00e9marches administratives<\/p>\n","protected":false},"author":3,"featured_media":0,"parent":0,"menu_order":0,"comment_status":"closed","ping_status":"closed","template":"","meta":{"cybocfi_hide_featured_image":"","footnotes":""},"class_list":["post-20558","page","type-page","status-publish","hentry","clearfix"],"yoast_head":"<!-- This site is optimized with the Yoast SEO plugin v27.6 - https:\/\/yoast.com\/product\/yoast-seo-wordpress\/ -->\n<title>Prendre Rendez-vous pour vos d\u00e9marches administratives - TEST<\/title>\n<meta name=\"robots\" content=\"noindex, follow, max-snippet:-1, max-image-preview:large, max-video-preview:-1\" \/>\n<meta property=\"og:locale\" content=\"fr_FR\" \/>\n<meta property=\"og:type\" content=\"article\" \/>\n<meta property=\"og:title\" content=\"Prendre Rendez-vous pour vos d\u00e9marches administratives - TEST\" \/>\n<meta property=\"og:description\" content=\"Retour \u00e0 la page des d\u00e9marches administratives\" \/>\n<meta property=\"og:url\" content=\"http:\/\/s486948380.onlinehome.fr\/NewWp\/prendre-rdv\/\" \/>\n<meta property=\"og:site_name\" content=\"TEST\" \/>\n<meta property=\"article:modified_time\" content=\"2021-06-16T15:38:15+00:00\" \/>\n<meta name=\"twitter:card\" content=\"summary_large_image\" \/>\n<meta name=\"twitter:label1\" content=\"Dur\u00e9e de lecture estim\u00e9e\" \/>\n\t<meta name=\"twitter:data1\" content=\"1 minute\" \/>\n<script type=\"application\/ld+json\" class=\"yoast-schema-graph\">{\"@context\":\"https:\\\/\\\/schema.org\",\"@graph\":[{\"@type\":\"WebPage\",\"@id\":\"http:\\\/\\\/s486948380.onlinehome.fr\\\/NewWp\\\/prendre-rdv\\\/\",\"url\":\"http:\\\/\\\/s486948380.onlinehome.fr\\\/NewWp\\\/prendre-rdv\\\/\",\"name\":\"Prendre Rendez-vous pour vos d\u00e9marches administratives - TEST\",\"isPartOf\":{\"@id\":\"http:\\\/\\\/s486948380.onlinehome.fr\\\/NewWp\\\/#website\"},\"datePublished\":\"2021-06-10T13:36:54+00:00\",\"dateModified\":\"2021-06-16T15:38:15+00:00\",\"breadcrumb\":{\"@id\":\"http:\\\/\\\/s486948380.onlinehome.fr\\\/NewWp\\\/prendre-rdv\\\/#breadcrumb\"},\"inLanguage\":\"fr-FR\",\"potentialAction\":[{\"@type\":\"ReadAction\",\"target\":[\"http:\\\/\\\/s486948380.onlinehome.fr\\\/NewWp\\\/prendre-rdv\\\/\"]}]},{\"@type\":\"BreadcrumbList\",\"@id\":\"http:\\\/\\\/s486948380.onlinehome.fr\\\/NewWp\\\/prendre-rdv\\\/#breadcrumb\",\"itemListElement\":[{\"@type\":\"ListItem\",\"position\":1,\"name\":\"Accueil\",\"item\":\"http:\\\/\\\/s486948380.onlinehome.fr\\\/NewWp\\\/\"},{\"@type\":\"ListItem\",\"position\":2,\"name\":\"Prendre Rendez-vous pour vos d\u00e9marches administratives\"}]},{\"@type\":\"WebSite\",\"@id\":\"http:\\\/\\\/s486948380.onlinehome.fr\\\/NewWp\\\/#website\",\"url\":\"http:\\\/\\\/s486948380.onlinehome.fr\\\/NewWp\\\/\",\"name\":\"TEST\",\"description\":\"TEST\",\"potentialAction\":[{\"@type\":\"SearchAction\",\"target\":{\"@type\":\"EntryPoint\",\"urlTemplate\":\"http:\\\/\\\/s486948380.onlinehome.fr\\\/NewWp\\\/?s={search_term_string}\"},\"query-input\":{\"@type\":\"PropertyValueSpecification\",\"valueRequired\":true,\"valueName\":\"search_term_string\"}}],\"inLanguage\":\"fr-FR\"}]}<\/script>\n<!-- \/ Yoast SEO plugin. -->","yoast_head_json":{"title":"Prendre Rendez-vous pour vos d\u00e9marches administratives - TEST","robots":{"index":"noindex","follow":"follow","max-snippet":"max-snippet:-1","max-image-preview":"max-image-preview:large","max-video-preview":"max-video-preview:-1"},"og_locale":"fr_FR","og_type":"article","og_title":"Prendre Rendez-vous pour vos d\u00e9marches administratives - TEST","og_description":"Retour \u00e0 la page des d\u00e9marches administratives","og_url":"http:\/\/s486948380.onlinehome.fr\/NewWp\/prendre-rdv\/","og_site_name":"TEST","article_modified_time":"2021-06-16T15:38:15+00:00","twitter_card":"summary_large_image","twitter_misc":{"Dur\u00e9e de lecture estim\u00e9e":"1 minute"},"schema":{"@context":"https:\/\/schema.org","@graph":[{"@type":"WebPage","@id":"http:\/\/s486948380.onlinehome.fr\/NewWp\/prendre-rdv\/","url":"http:\/\/s486948380.onlinehome.fr\/NewWp\/prendre-rdv\/","name":"Prendre Rendez-vous pour vos d\u00e9marches administratives - TEST","isPartOf":{"@id":"http:\/\/s486948380.onlinehome.fr\/NewWp\/#website"},"datePublished":"2021-06-10T13:36:54+00:00","dateModified":"2021-06-16T15:38:15+00:00","breadcrumb":{"@id":"http:\/\/s486948380.onlinehome.fr\/NewWp\/prendre-rdv\/#breadcrumb"},"inLanguage":"fr-FR","potentialAction":[{"@type":"ReadAction","target":["http:\/\/s486948380.onlinehome.fr\/NewWp\/prendre-rdv\/"]}]},{"@type":"BreadcrumbList","@id":"http:\/\/s486948380.onlinehome.fr\/NewWp\/prendre-rdv\/#breadcrumb","itemListElement":[{"@type":"ListItem","position":1,"name":"Accueil","item":"http:\/\/s486948380.onlinehome.fr\/NewWp\/"},{"@type":"ListItem","position":2,"name":"Prendre Rendez-vous pour vos d\u00e9marches administratives"}]},{"@type":"WebSite","@id":"http:\/\/s486948380.onlinehome.fr\/NewWp\/#website","url":"http:\/\/s486948380.onlinehome.fr\/NewWp\/","name":"TEST","description":"TEST","potentialAction":[{"@type":"SearchAction","target":{"@type":"EntryPoint","urlTemplate":"http:\/\/s486948380.onlinehome.fr\/NewWp\/?s={search_term_string}"},"query-input":{"@type":"PropertyValueSpecification","valueRequired":true,"valueName":"search_term_string"}}],"inLanguage":"fr-FR"}]}},"jetpack_shortlink":"https:\/\/wp.me\/PbFsbM-5lA","jetpack_sharing_enabled":true,"_links":{"self":[{"href":"http:\/\/s486948380.onlinehome.fr\/NewWp\/wp-json\/wp\/v2\/pages\/20558","targetHints":{"allow":["GET"]}}],"collection":[{"href":"http:\/\/s486948380.onlinehome.fr\/NewWp\/wp-json\/wp\/v2\/pages"}],"about":[{"href":"http:\/\/s486948380.onlinehome.fr\/NewWp\/wp-json\/wp\/v2\/types\/page"}],"author":[{"embeddable":true,"href":"http:\/\/s486948380.onlinehome.fr\/NewWp\/wp-json\/wp\/v2\/users\/3"}],"replies":[{"embeddable":true,"href":"http:\/\/s486948380.onlinehome.fr\/NewWp\/wp-json\/wp\/v2\/comments?post=20558"}],"version-history":[{"count":3,"href":"http:\/\/s486948380.onlinehome.fr\/NewWp\/wp-json\/wp\/v2\/pages\/20558\/revisions"}],"predecessor-version":[{"id":20709,"href":"http:\/\/s486948380.onlinehome.fr\/NewWp\/wp-json\/wp\/v2\/pages\/20558\/revisions\/20709"}],"wp:attachment":[{"href":"http:\/\/s486948380.onlinehome.fr\/NewWp\/wp-json\/wp\/v2\/media?parent=20558"}],"curies":[{"name":"wp","href":"https:\/\/api.w.org\/{rel}","templated":true}]}}