{"id":20285,"date":"2021-05-07T18:37:59","date_gmt":"2021-05-07T16:37:59","guid":{"rendered":"http:\/\/s486948380.onlinehome.fr\/NewWp\/?page_id=20285"},"modified":"2021-06-16T15:20:49","modified_gmt":"2021-06-16T13:20:49","slug":"formulaire-etat-civil","status":"publish","type":"page","link":"http:\/\/s486948380.onlinehome.fr\/NewWp\/formulaire-etat-civil\/","title":{"rendered":"Formulaire &#8211; \u00c9tat civil"},"content":{"rendered":"<p><strong>Votre acte sera envoy\u00e9 par courrier \u00e0 votre domicile. <\/strong>&#8220;Attention : il est rappel\u00e9 que toute d\u00e9livrance d\u2019acte d\u2019\u00e9tat-civil est totalement gratuite&#8221;.<\/p>\n\n<div class=\"wpcf7 no-js\" id=\"wpcf7-f20289-o1\" lang=\"fr-FR\" dir=\"ltr\" data-wpcf7-id=\"20289\">\n<div class=\"screen-reader-response\"><p role=\"status\" aria-live=\"polite\" aria-atomic=\"true\"><\/p> <ul><\/ul><\/div>\n<form action=\"\/NewWp\/wp-json\/wp\/v2\/pages\/20285#wpcf7-f20289-o1\" method=\"post\" class=\"wpcf7-form init\" aria-label=\"Formulaire de contact\" novalidate=\"novalidate\" data-status=\"init\">\n<fieldset class=\"hidden-fields-container\"><input type=\"hidden\" name=\"_wpcf7\" value=\"20289\" \/><input type=\"hidden\" name=\"_wpcf7_version\" value=\"6.1.5\" \/><input type=\"hidden\" name=\"_wpcf7_locale\" value=\"fr_FR\" \/><input type=\"hidden\" name=\"_wpcf7_unit_tag\" value=\"wpcf7-f20289-o1\" \/><input type=\"hidden\" name=\"_wpcf7_container_post\" value=\"0\" \/><input type=\"hidden\" name=\"_wpcf7_posted_data_hash\" value=\"\" \/>\n<\/fieldset>\n<div class=\"wpcf7-response-output\" aria-hidden=\"true\"><\/div>\n<fieldset>\n\t<legend>Demander un acte civil\n\t<\/legend>\n\t<p>Les champs obligatoires sont pr\u00e9c\u00e9d\u00e9s d'une \u00e9toile *\n\t<\/p>\n\t<p><strong>VOS COORDONN\u00c9ES<\/strong>\n\t<\/p>\n\t<p><label for=\"civilite\">Civilit\u00e9 * :<\/label><span class=\"wpcf7-form-control-wrap\" data-name=\"radio-619\"><span class=\"wpcf7-form-control wpcf7-radio\" id=\"civilite\"><span class=\"wpcf7-list-item first\"><span class=\"wpcf7-list-item-label\">Madame<\/span><input type=\"radio\" name=\"radio-619\" value=\"Madame\" checked=\"checked\" \/><\/span><span class=\"wpcf7-list-item last\"><span class=\"wpcf7-list-item-label\">Monsieur<\/span><input type=\"radio\" name=\"radio-619\" value=\"Monsieur\" \/><\/span><\/span><\/span>\n\t<\/p>\n\t<p><label for=\"votre-nom\">Votre nom *<\/label><br \/>\n<span class=\"wpcf7-form-control-wrap\" data-name=\"votre-nom\"><input size=\"40\" maxlength=\"400\" class=\"wpcf7-form-control wpcf7-text wpcf7-validates-as-required\" id=\"votre-nom\" aria-required=\"true\" aria-invalid=\"false\" placeholder=\"Exemple : Dupont\" value=\"\" type=\"text\" name=\"votre-nom\" \/><\/span>\n\t<\/p>\n\t<p><label for=\"votre-prenom\">Votre pr\u00e9nom *<\/label><br \/>\n<span class=\"wpcf7-form-control-wrap\" data-name=\"votre-prenom\"><input size=\"40\" maxlength=\"400\" class=\"wpcf7-form-control wpcf7-text wpcf7-validates-as-required\" id=\"votre-prenom\" aria-required=\"true\" aria-invalid=\"false\" placeholder=\"Exemple : Marie\" value=\"\" type=\"text\" name=\"votre-prenom\" \/><\/span>\n\t<\/p>\n\t<p><label for=\"votre-adresse\">Votre adresse *<\/label><br \/>\n<span class=\"wpcf7-form-control-wrap\" data-name=\"votre-adresse\"><input size=\"40\" maxlength=\"400\" class=\"wpcf7-form-control wpcf7-text wpcf7-validates-as-required\" id=\"votre-adresse\" aria-required=\"true\" aria-invalid=\"false\" placeholder=\"Exemple : 3 rue des Fleurs\" value=\"\" type=\"text\" name=\"votre-adresse\" \/><\/span>\n\t<\/p>\n\t<p><label for=\"Votrecodepostal\">Votre code postal *<\/label><br \/>\n<span class=\"wpcf7-form-control-wrap\" data-name=\"Votrecodepostal\"><input size=\"40\" maxlength=\"400\" class=\"wpcf7-form-control wpcf7-text wpcf7-validates-as-required\" id=\"Votrecodepostal\" aria-required=\"true\" aria-invalid=\"false\" placeholder=\"Exemple : 64000\" value=\"\" type=\"text\" name=\"Votrecodepostal\" \/><\/span>\n\t<\/p>\n\t<p><label for=\"votre-ville\">Votre ville *<\/label><br \/>\n<span class=\"wpcf7-form-control-wrap\" data-name=\"votre-ville\"><input size=\"40\" maxlength=\"400\" class=\"wpcf7-form-control wpcf7-text wpcf7-validates-as-required\" id=\"votre-ville\" aria-required=\"true\" aria-invalid=\"false\" placeholder=\"Exemple : Pau\" value=\"\" type=\"text\" name=\"votre-ville\" \/><\/span>\n\t<\/p>\n\t<p><label for=\"votre-pays\">Votre pays *<\/label><br \/>\n<span class=\"wpcf7-form-control-wrap\" data-name=\"votre-pays\"><input size=\"40\" maxlength=\"400\" class=\"wpcf7-form-control wpcf7-text wpcf7-validates-as-required\" id=\"votre-pays\" aria-required=\"true\" aria-invalid=\"false\" placeholder=\"Exemple : France\" value=\"\" type=\"text\" name=\"votre-pays\" \/><\/span>\n\t<\/p>\n\t<p><label for=\"votre-email\">Votre adresse email *<\/label><br \/>\n<span class=\"wpcf7-form-control-wrap\" data-name=\"votre-email\"><input size=\"40\" maxlength=\"400\" class=\"wpcf7-form-control wpcf7-email wpcf7-validates-as-required wpcf7-text wpcf7-validates-as-email\" id=\"votre-email\" aria-required=\"true\" aria-invalid=\"false\" placeholder=\"Exemple : marie.dupont@mondomaine.fr\" value=\"\" type=\"email\" name=\"votre-email\" \/><\/span>\n\t<\/p>\n\t<p><strong>VOUS \u00caTES :<\/strong>\n\t<\/p>\n\t<p><label for=\"Lien-titulaire\">Lien avec le titulaire *<\/label><br \/>\n<span class=\"wpcf7-form-control-wrap\" data-name=\"Lien-titulaire\"><select class=\"wpcf7-form-control wpcf7-select wpcf7-validates-as-required\" id=\"Lien-titulaire\" aria-required=\"true\" aria-invalid=\"false\" name=\"Lien-titulaire\"><option value=\"Le titulaire de l&#039;acte\">Le titulaire de l&#039;acte<\/option><option value=\"Son conjoint\">Son conjoint<\/option><option value=\"Son p\u00e8re ou sa m\u00e8re\">Son p\u00e8re ou sa m\u00e8re<\/option><option value=\"Son fils ou sa fille\">Son fils ou sa fille<\/option><option value=\"Son repr\u00e9sentant l\u00e9gal\">Son repr\u00e9sentant l\u00e9gal<\/option><option value=\"Autre cas \u00e0 pr\u00e9ciser\">Autre cas \u00e0 pr\u00e9ciser<\/option><\/select><\/span>\n\t<\/p>\n\t<p><label for=\"autre-cas\">Autre cas \u00e0 pr\u00e9ciser<\/label><br \/>\n<span class=\"wpcf7-form-control-wrap\" data-name=\"autrecas\"><input size=\"40\" maxlength=\"400\" class=\"wpcf7-form-control wpcf7-text\" id=\"autrecas\" aria-invalid=\"false\" value=\"\" type=\"text\" name=\"autrecas\" \/><\/span>\n\t<\/p>\n\t<p><strong>RENSEIGNEMENTS SUR L'ACTE DEMAND\u00c9 :<\/strong>\n\t<\/p>\n\t<p><label for=\"Extrait-Copie\">Souhaitez-vous un extrait ou une copie ? *<\/label><br \/>\n<span class=\"wpcf7-form-control-wrap\" data-name=\"Extrait-Copie\"><span class=\"wpcf7-form-control wpcf7-checkbox wpcf7-validates-as-required wpcf7-exclusive-checkbox\" id=\"Extrait-Copie\"><span class=\"wpcf7-list-item first\"><label><span class=\"wpcf7-list-item-label\">Extrait sans filiation<\/span><input type=\"checkbox\" name=\"Extrait-Copie\" value=\"Extrait sans filiation\" \/><\/label><\/span><span class=\"wpcf7-list-item\"><label><span class=\"wpcf7-list-item-label\">Extrait avec filiation<\/span><input type=\"checkbox\" name=\"Extrait-Copie\" value=\"Extrait avec filiation\" \/><\/label><\/span><span class=\"wpcf7-list-item last\"><label><span class=\"wpcf7-list-item-label\">Copie int\u00e9grale<\/span><input type=\"checkbox\" name=\"Extrait-Copie\" value=\"Copie int\u00e9grale\" \/><\/label><\/span><\/span><\/span>\n\t<\/p>\n\t<p><label for=\"Nombre-exemplaires\">Nombre d'exemplaires * : <\/label><span class=\"wpcf7-form-control-wrap\" data-name=\"number-301\"><input class=\"wpcf7-form-control wpcf7-number wpcf7-validates-as-number\" id=\"Nombredexemplaires\" min=\"1\" max=\"50\" aria-invalid=\"false\" value=\"Nombre d&#039;exemplaires\" type=\"number\" name=\"number-301\" \/><\/span>\n\t<\/p>\n\t<p><label for=\"Type-dacte\">Quel type d'acte souhaitez-vous ? *<\/label><span class=\"wpcf7-form-control-wrap\" data-name=\"Type-dacte\"><span class=\"wpcf7-form-control wpcf7-checkbox wpcf7-validates-as-required wpcf7-exclusive-checkbox\" id=\"Type-dacte\"><span class=\"wpcf7-list-item first\"><label><span class=\"wpcf7-list-item-label\">Naissance<\/span><input type=\"checkbox\" name=\"Type-dacte\" value=\"Naissance\" \/><\/label><\/span><span class=\"wpcf7-list-item\"><label><span class=\"wpcf7-list-item-label\">Mariage<\/span><input type=\"checkbox\" name=\"Type-dacte\" value=\"Mariage\" \/><\/label><\/span><span class=\"wpcf7-list-item last\"><label><span class=\"wpcf7-list-item-label\">D\u00e9c\u00e8s<\/span><input type=\"checkbox\" name=\"Type-dacte\" value=\"D\u00e9c\u00e8s\" \/><\/label><\/span><\/span><\/span>\n\t<\/p>\n\t<p><label for=\"Lieu\">Lieu de l'\u00e9v\u00e8nement *<\/label><br \/>\n<span class=\"wpcf7-form-control-wrap\" data-name=\"Lieu\"><input size=\"40\" maxlength=\"400\" class=\"wpcf7-form-control wpcf7-text wpcf7-validates-as-required\" id=\"Lieu\" aria-required=\"true\" aria-invalid=\"false\" placeholder=\"Exemple : Pau\" value=\"\" type=\"text\" name=\"Lieu\" \/><\/span>\n\t<\/p>\n\t<p><label for=\"Nom-naissance\">Nom de naissance du titulaire *<\/label><br \/>\n<span class=\"wpcf7-form-control-wrap\" data-name=\"Nom-naissance\"><input size=\"40\" maxlength=\"400\" class=\"wpcf7-form-control wpcf7-text wpcf7-validates-as-required\" id=\"Nom-naissance\" aria-required=\"true\" aria-invalid=\"false\" placeholder=\"Exemple : Durand\" value=\"\" type=\"text\" name=\"Nom-naissance\" \/><\/span>\n\t<\/p>\n\t<p><label for=\"prenom-titulaire\">Pr\u00e9nom du titulaire *<\/label><br \/>\n<span class=\"wpcf7-form-control-wrap\" data-name=\"prenom-titulaire\"><input size=\"40\" maxlength=\"400\" class=\"wpcf7-form-control wpcf7-text wpcf7-validates-as-required\" id=\"prenom-titulaire\" aria-required=\"true\" aria-invalid=\"false\" placeholder=\"Exemple : Marie\" value=\"\" type=\"text\" name=\"prenom-titulaire\" \/><\/span>\n\t<\/p>\n\t<p><label for=\"De-pere-inconnu\">De p\u00e8re inconnu *<\/label><span class=\"wpcf7-form-control-wrap\" data-name=\"De-pere-inconnu\"><span class=\"wpcf7-form-control wpcf7-checkbox wpcf7-exclusive-checkbox\" id=\"De-pere-inconnu\"><span class=\"wpcf7-list-item first last\"><label><span class=\"wpcf7-list-item-label\">OUI<\/span><input type=\"checkbox\" name=\"De-pere-inconnu\" value=\"OUI\" \/><\/label><\/span><\/span><\/span>\n\t<\/p>\n\t<p><label for=\"nom-pere\">Nom du p\u00e8re *<\/label><br \/>\n<span class=\"wpcf7-form-control-wrap\" data-name=\"nom-pere\"><input size=\"40\" maxlength=\"400\" class=\"wpcf7-form-control wpcf7-text wpcf7-validates-as-required\" id=\"nom-pere\" aria-required=\"true\" aria-invalid=\"false\" placeholder=\"Exemple : Dupont\" value=\"\" type=\"text\" name=\"nom-pere\" \/><\/span>\n\t<\/p>\n\t<p><label for=\"prenom-pere\">Pr\u00e9nom du p\u00e8re *<\/label><br \/>\n<span class=\"wpcf7-form-control-wrap\" data-name=\"prenom-pere\"><input size=\"40\" maxlength=\"400\" class=\"wpcf7-form-control wpcf7-text wpcf7-validates-as-required\" id=\"prenom-pere\" aria-required=\"true\" aria-invalid=\"false\" placeholder=\"Exemple : Louis\" value=\"\" type=\"text\" name=\"prenom-pere\" \/><\/span>\n\t<\/p>\n\t<p><label for=\"De-mere-inconnue\">M\u00e8re inconnue *<\/label><span class=\"wpcf7-form-control-wrap\" data-name=\"De-mere-inconnue\"><span class=\"wpcf7-form-control wpcf7-checkbox wpcf7-exclusive-checkbox\" id=\"De-mere-inconnue\"><span class=\"wpcf7-list-item first last\"><label><span class=\"wpcf7-list-item-label\">OUI<\/span><input type=\"checkbox\" name=\"De-mere-inconnue\" value=\"OUI\" \/><\/label><\/span><\/span><\/span>\n\t<\/p>\n\t<p><label for=\"nom-jeune-fille-mere\">Nom de jeune fille de la m\u00e8re *<\/label><br \/>\n<span class=\"wpcf7-form-control-wrap\" data-name=\"nom-jeune-fille-mere\"><input size=\"40\" maxlength=\"400\" class=\"wpcf7-form-control wpcf7-text wpcf7-validates-as-required\" id=\"nom-jeune-fille-mere\" aria-required=\"true\" aria-invalid=\"false\" placeholder=\"Exemple : Durand\" value=\"\" type=\"text\" name=\"nom-jeune-fille-mere\" \/><\/span>\n\t<\/p>\n\t<p><label for=\"prenom-mere\">Pr\u00e9nom de la m\u00e8re *<\/label><br \/>\n<span class=\"wpcf7-form-control-wrap\" data-name=\"prenom-mere\"><input size=\"40\" maxlength=\"400\" class=\"wpcf7-form-control wpcf7-text wpcf7-validates-as-required\" id=\"prenom-mere\" aria-required=\"true\" aria-invalid=\"false\" placeholder=\"Exemple : Louise\" value=\"\" type=\"text\" name=\"prenom-mere\" \/><\/span>\n\t<\/p>\n\t<p><label for=\"nom-conjoint\">Nom du conjoint *<\/label><br \/>\n<span class=\"wpcf7-form-control-wrap\" data-name=\"nom-conjoint\"><input size=\"40\" maxlength=\"400\" class=\"wpcf7-form-control wpcf7-text wpcf7-validates-as-required\" id=\"nom-conjoint\" aria-required=\"true\" aria-invalid=\"false\" placeholder=\"Exemple : Marchand\" value=\"\" type=\"text\" name=\"nom-conjoint\" \/><\/span>\n\t<\/p>\n\t<p><strong>PR\u00c9CISER LE MOTIF DE LA DEMANDE<\/strong>\n\t<\/p>\n\t<p><label for=\"motif-demande\">Motif de la demande *<\/label><br \/>\n<span class=\"wpcf7-form-control-wrap\" data-name=\"motif-demande\"><select class=\"wpcf7-form-control wpcf7-select wpcf7-validates-as-required\" id=\"motif-demande\" aria-required=\"true\" aria-invalid=\"false\" name=\"motif-demande\"><option value=\"Carte d&#039;identit\u00e9\">Carte d&#039;identit\u00e9<\/option><option value=\"Passeport\">Passeport<\/option><option value=\"Certificat de nationalit\u00e9\">Certificat de nationalit\u00e9<\/option><option value=\"Mariage\">Mariage<\/option><option value=\"pension\">pension<\/option><option value=\"Contentieux\">Contentieux<\/option><option value=\"Formalit\u00e9s administratives et actes notari\u00e9s\">Formalit\u00e9s administratives et actes notari\u00e9s<\/option><option value=\"S\u00e9curit\u00e9 sociale\">S\u00e9curit\u00e9 sociale<\/option><option value=\"G\u00e9n\u00e9alogie\">G\u00e9n\u00e9alogie<\/option><option value=\"Succession\">Succession<\/option><option value=\"Autre motif \u00e0 pr\u00e9ciser\">Autre motif \u00e0 pr\u00e9ciser<\/option><\/select><\/span>\n\t<\/p>\n\t<p><label for=\"autre-cas-preciser\">Autre cas \u00e0 pr\u00e9ciser<\/label><br \/>\n<span class=\"wpcf7-form-control-wrap\" data-name=\"autre-cas-preciser\"><input size=\"40\" maxlength=\"400\" class=\"wpcf7-form-control wpcf7-text\" id=\"autre-cas-preciser\" aria-invalid=\"false\" value=\"\" type=\"text\" name=\"autre-cas-preciser\" \/><\/span>\n\t<\/p>\n<\/fieldset>\n<p><input class=\"wpcf7-form-control wpcf7-submit has-spinner\" id=\"soumettre\" type=\"submit\" value=\"Soumettre la demande\" \/>\n<\/p><input type='hidden' class='wpcf7-pum' value='{\"closepopup\":false,\"closedelay\":0,\"openpopup\":false,\"openpopup_id\":0}' \/>\n<\/form>\n<\/div>\n\n<p>&nbsp;<\/p>\n","protected":false},"excerpt":{"rendered":"<p>Votre acte sera envoy\u00e9 par courrier \u00e0 votre domicile. &#8220;Attention : il est rappel\u00e9 que toute d\u00e9livrance d\u2019acte d\u2019\u00e9tat-civil est totalement gratuite&#8221;. &nbsp;<\/p>\n","protected":false},"author":3,"featured_media":0,"parent":0,"menu_order":0,"comment_status":"closed","ping_status":"closed","template":"","meta":{"cybocfi_hide_featured_image":"","footnotes":""},"class_list":["post-20285","page","type-page","status-publish","hentry","clearfix"],"yoast_head":"<!-- This site is optimized with the Yoast SEO plugin v27.6 - https:\/\/yoast.com\/product\/yoast-seo-wordpress\/ -->\n<title>Formulaire - \u00c9tat civil - TEST<\/title>\n<meta name=\"robots\" content=\"noindex, follow, max-snippet:-1, max-image-preview:large, max-video-preview:-1\" \/>\n<meta property=\"og:locale\" content=\"fr_FR\" \/>\n<meta property=\"og:type\" content=\"article\" \/>\n<meta property=\"og:title\" content=\"Formulaire - \u00c9tat civil - TEST\" \/>\n<meta property=\"og:description\" content=\"Votre acte sera envoy\u00e9 par courrier \u00e0 votre domicile. &#8220;Attention : il est rappel\u00e9 que toute d\u00e9livrance d\u2019acte d\u2019\u00e9tat-civil est totalement gratuite&#8221;. &nbsp;\" \/>\n<meta property=\"og:url\" content=\"http:\/\/s486948380.onlinehome.fr\/NewWp\/formulaire-etat-civil\/\" \/>\n<meta property=\"og:site_name\" content=\"TEST\" \/>\n<meta property=\"article:modified_time\" content=\"2021-06-16T13:20:49+00:00\" \/>\n<meta name=\"twitter:card\" content=\"summary_large_image\" \/>\n<meta name=\"twitter:label1\" content=\"Dur\u00e9e de lecture estim\u00e9e\" \/>\n\t<meta name=\"twitter:data1\" content=\"1 minute\" \/>\n<script type=\"application\/ld+json\" class=\"yoast-schema-graph\">{\"@context\":\"https:\\\/\\\/schema.org\",\"@graph\":[{\"@type\":\"WebPage\",\"@id\":\"http:\\\/\\\/s486948380.onlinehome.fr\\\/NewWp\\\/formulaire-etat-civil\\\/\",\"url\":\"http:\\\/\\\/s486948380.onlinehome.fr\\\/NewWp\\\/formulaire-etat-civil\\\/\",\"name\":\"Formulaire - \u00c9tat civil - TEST\",\"isPartOf\":{\"@id\":\"http:\\\/\\\/s486948380.onlinehome.fr\\\/NewWp\\\/#website\"},\"datePublished\":\"2021-05-07T16:37:59+00:00\",\"dateModified\":\"2021-06-16T13:20:49+00:00\",\"breadcrumb\":{\"@id\":\"http:\\\/\\\/s486948380.onlinehome.fr\\\/NewWp\\\/formulaire-etat-civil\\\/#breadcrumb\"},\"inLanguage\":\"fr-FR\",\"potentialAction\":[{\"@type\":\"ReadAction\",\"target\":[\"http:\\\/\\\/s486948380.onlinehome.fr\\\/NewWp\\\/formulaire-etat-civil\\\/\"]}]},{\"@type\":\"BreadcrumbList\",\"@id\":\"http:\\\/\\\/s486948380.onlinehome.fr\\\/NewWp\\\/formulaire-etat-civil\\\/#breadcrumb\",\"itemListElement\":[{\"@type\":\"ListItem\",\"position\":1,\"name\":\"Accueil\",\"item\":\"http:\\\/\\\/s486948380.onlinehome.fr\\\/NewWp\\\/\"},{\"@type\":\"ListItem\",\"position\":2,\"name\":\"Formulaire &#8211; \u00c9tat civil\"}]},{\"@type\":\"WebSite\",\"@id\":\"http:\\\/\\\/s486948380.onlinehome.fr\\\/NewWp\\\/#website\",\"url\":\"http:\\\/\\\/s486948380.onlinehome.fr\\\/NewWp\\\/\",\"name\":\"TEST\",\"description\":\"TEST\",\"potentialAction\":[{\"@type\":\"SearchAction\",\"target\":{\"@type\":\"EntryPoint\",\"urlTemplate\":\"http:\\\/\\\/s486948380.onlinehome.fr\\\/NewWp\\\/?s={search_term_string}\"},\"query-input\":{\"@type\":\"PropertyValueSpecification\",\"valueRequired\":true,\"valueName\":\"search_term_string\"}}],\"inLanguage\":\"fr-FR\"}]}<\/script>\n<!-- \/ Yoast SEO plugin. -->","yoast_head_json":{"title":"Formulaire - \u00c9tat civil - TEST","robots":{"index":"noindex","follow":"follow","max-snippet":"max-snippet:-1","max-image-preview":"max-image-preview:large","max-video-preview":"max-video-preview:-1"},"og_locale":"fr_FR","og_type":"article","og_title":"Formulaire - \u00c9tat civil - TEST","og_description":"Votre acte sera envoy\u00e9 par courrier \u00e0 votre domicile. &#8220;Attention : il est rappel\u00e9 que toute d\u00e9livrance d\u2019acte d\u2019\u00e9tat-civil est totalement gratuite&#8221;. &nbsp;","og_url":"http:\/\/s486948380.onlinehome.fr\/NewWp\/formulaire-etat-civil\/","og_site_name":"TEST","article_modified_time":"2021-06-16T13:20:49+00:00","twitter_card":"summary_large_image","twitter_misc":{"Dur\u00e9e de lecture estim\u00e9e":"1 minute"},"schema":{"@context":"https:\/\/schema.org","@graph":[{"@type":"WebPage","@id":"http:\/\/s486948380.onlinehome.fr\/NewWp\/formulaire-etat-civil\/","url":"http:\/\/s486948380.onlinehome.fr\/NewWp\/formulaire-etat-civil\/","name":"Formulaire - \u00c9tat civil - TEST","isPartOf":{"@id":"http:\/\/s486948380.onlinehome.fr\/NewWp\/#website"},"datePublished":"2021-05-07T16:37:59+00:00","dateModified":"2021-06-16T13:20:49+00:00","breadcrumb":{"@id":"http:\/\/s486948380.onlinehome.fr\/NewWp\/formulaire-etat-civil\/#breadcrumb"},"inLanguage":"fr-FR","potentialAction":[{"@type":"ReadAction","target":["http:\/\/s486948380.onlinehome.fr\/NewWp\/formulaire-etat-civil\/"]}]},{"@type":"BreadcrumbList","@id":"http:\/\/s486948380.onlinehome.fr\/NewWp\/formulaire-etat-civil\/#breadcrumb","itemListElement":[{"@type":"ListItem","position":1,"name":"Accueil","item":"http:\/\/s486948380.onlinehome.fr\/NewWp\/"},{"@type":"ListItem","position":2,"name":"Formulaire &#8211; \u00c9tat civil"}]},{"@type":"WebSite","@id":"http:\/\/s486948380.onlinehome.fr\/NewWp\/#website","url":"http:\/\/s486948380.onlinehome.fr\/NewWp\/","name":"TEST","description":"TEST","potentialAction":[{"@type":"SearchAction","target":{"@type":"EntryPoint","urlTemplate":"http:\/\/s486948380.onlinehome.fr\/NewWp\/?s={search_term_string}"},"query-input":{"@type":"PropertyValueSpecification","valueRequired":true,"valueName":"search_term_string"}}],"inLanguage":"fr-FR"}]}},"jetpack_shortlink":"https:\/\/wp.me\/PbFsbM-5hb","jetpack_sharing_enabled":true,"_links":{"self":[{"href":"http:\/\/s486948380.onlinehome.fr\/NewWp\/wp-json\/wp\/v2\/pages\/20285","targetHints":{"allow":["GET"]}}],"collection":[{"href":"http:\/\/s486948380.onlinehome.fr\/NewWp\/wp-json\/wp\/v2\/pages"}],"about":[{"href":"http:\/\/s486948380.onlinehome.fr\/NewWp\/wp-json\/wp\/v2\/types\/page"}],"author":[{"embeddable":true,"href":"http:\/\/s486948380.onlinehome.fr\/NewWp\/wp-json\/wp\/v2\/users\/3"}],"replies":[{"embeddable":true,"href":"http:\/\/s486948380.onlinehome.fr\/NewWp\/wp-json\/wp\/v2\/comments?post=20285"}],"version-history":[{"count":4,"href":"http:\/\/s486948380.onlinehome.fr\/NewWp\/wp-json\/wp\/v2\/pages\/20285\/revisions"}],"predecessor-version":[{"id":20300,"href":"http:\/\/s486948380.onlinehome.fr\/NewWp\/wp-json\/wp\/v2\/pages\/20285\/revisions\/20300"}],"wp:attachment":[{"href":"http:\/\/s486948380.onlinehome.fr\/NewWp\/wp-json\/wp\/v2\/media?parent=20285"}],"curies":[{"name":"wp","href":"https:\/\/api.w.org\/{rel}","templated":true}]}}