{"id":10276,"date":"2020-04-30T18:43:21","date_gmt":"2020-04-30T16:43:21","guid":{"rendered":"http:\/\/s486948380.onlinehome.fr\/NewWp\/?page_id=10276"},"modified":"2021-06-16T15:20:49","modified_gmt":"2021-06-16T13:20:49","slug":"demande-de-reservation-salles-dexposition","status":"publish","type":"page","link":"http:\/\/s486948380.onlinehome.fr\/NewWp\/demande-de-reservation-salles-dexposition\/","title":{"rendered":"Demande de r\u00e9servation Salles d\u2019exposition"},"content":{"rendered":"\n<div class=\"wpcf7 no-js\" id=\"wpcf7-f10275-o1\" lang=\"fr-FR\" dir=\"ltr\" data-wpcf7-id=\"10275\">\n<div class=\"screen-reader-response\"><p role=\"status\" aria-live=\"polite\" aria-atomic=\"true\"><\/p> <ul><\/ul><\/div>\n<form action=\"\/NewWp\/wp-json\/wp\/v2\/pages\/10276#wpcf7-f10275-o1\" method=\"post\" class=\"wpcf7-form init\" aria-label=\"Formulaire de contact\" novalidate=\"novalidate\" data-status=\"init\">\n<fieldset class=\"hidden-fields-container\"><input type=\"hidden\" name=\"_wpcf7\" value=\"10275\" \/><input type=\"hidden\" name=\"_wpcf7_version\" value=\"6.1.5\" \/><input type=\"hidden\" name=\"_wpcf7_locale\" value=\"fr_FR\" \/><input type=\"hidden\" name=\"_wpcf7_unit_tag\" value=\"wpcf7-f10275-o1\" \/><input type=\"hidden\" name=\"_wpcf7_container_post\" value=\"0\" \/><input type=\"hidden\" name=\"_wpcf7_posted_data_hash\" value=\"\" \/>\n<\/fieldset>\n<p><label for=\"nom\"><strong>Saisissez votre Nom (Obligatoire)<\/strong><br \/>\n<span class=\"wpcf7-form-control-wrap\" data-name=\"nom\"><input size=\"40\" maxlength=\"400\" class=\"wpcf7-form-control wpcf7-text wpcf7-validates-as-required\" id=\"nom\" aria-required=\"true\" aria-invalid=\"false\" value=\"\" type=\"text\" name=\"nom\" \/><\/span><\/label>\n<\/p>\n<p><label for=\"votre-adresse\"><strong>Saisissez votre adresse (Obligatoire)<\/strong><br \/>\n<span class=\"wpcf7-form-control-wrap\" data-name=\"votre-adresse\"><input size=\"40\" maxlength=\"400\" class=\"wpcf7-form-control wpcf7-text wpcf7-validates-as-required\" id=\"votre-adresse\" aria-required=\"true\" aria-invalid=\"false\" value=\"\" type=\"text\" name=\"votre-adresse\" \/><\/span><\/label>\n<\/p>\n<p><label for=\"code-postal\"><strong>Saisissez votre code postal (Obligatoire)<\/strong><br \/>\n<span class=\"wpcf7-form-control-wrap\" data-name=\"code-postal\"><input size=\"10\" maxlength=\"5\" class=\"wpcf7-form-control wpcf7-text wpcf7-validates-as-required\" id=\"code-postal\" aria-required=\"true\" aria-invalid=\"false\" value=\"\" type=\"text\" name=\"code-postal\" \/><\/span><\/label>\n<\/p>\n<p><label for=\"ville\"><strong>Votre ville (Obligatoire)<\/strong><br \/>\n<span class=\"wpcf7-form-control-wrap\" data-name=\"ville\"><input size=\"50\" maxlength=\"400\" class=\"wpcf7-form-control wpcf7-text wpcf7-validates-as-required\" id=\"ville\" aria-required=\"true\" aria-invalid=\"false\" value=\"\" type=\"text\" name=\"ville\" \/><\/span><\/label>\n<\/p>\n<p><label for=\"email\"><strong>Votre adresse email (Obligatoire)<\/strong><br \/>\n<span class=\"wpcf7-form-control-wrap\" data-name=\"email\"><input size=\"40\" maxlength=\"400\" class=\"wpcf7-form-control wpcf7-email wpcf7-validates-as-required wpcf7-text wpcf7-validates-as-email\" id=\"email\" aria-required=\"true\" aria-invalid=\"false\" value=\"\" type=\"email\" name=\"email\" \/><\/span><\/label>\n<\/p>\n<p><label for=\"telephone\"><strong>Votre num\u00e9ro de t\u00e9l\u00e9phone (Obligatoire)<\/strong><br \/>\n<span class=\"wpcf7-form-control-wrap\" data-name=\"telephone\"><input size=\"40\" maxlength=\"400\" class=\"wpcf7-form-control wpcf7-tel wpcf7-validates-as-required wpcf7-text wpcf7-validates-as-tel\" id=\"telephone\" aria-required=\"true\" aria-invalid=\"false\" value=\"\" type=\"tel\" name=\"telephone\" \/><\/span><\/label>\n<\/p>\n<p><label for=\"salle-demandee\"><strong>Choix de la salle (Obligatoire)<\/strong><br \/>\n<span class=\"wpcf7-form-control-wrap\" data-name=\"salle-demandee\"><select class=\"wpcf7-form-control wpcf7-select wpcf7-validates-as-required\" id=\"salle-demandee\" aria-required=\"true\" aria-invalid=\"false\" name=\"salle-demandee\"><option value=\"Salle Pierre Choribit\">Salle Pierre Choribit<\/option><\/select><\/span><\/label>\n<\/p>\n<p><label for=\"date-debut\"]><strong>Date de d\u00e9but de la r\u00e9servation (Obligatoire)<\/strong><br \/>\n<span class=\"wpcf7-form-control-wrap\" data-name=\"date-debut\"><input class=\"wpcf7-form-control wpcf7-date wpcf7-validates-as-required wpcf7-validates-as-date\" id=\"date-debut\" aria-required=\"true\" aria-invalid=\"false\" value=\"\" type=\"date\" name=\"date-debut\" \/><\/span><\/label>\n<\/p>\n<p><label for=\"date-fin\"><strong>Date de fin de la r\u00e9servation (Obligatoire)<\/strong><br \/>\n<span class=\"wpcf7-form-control-wrap\" data-name=\"date-fin\"><input class=\"wpcf7-form-control wpcf7-date wpcf7-validates-as-required wpcf7-validates-as-date\" id=\"date-fin\" aria-required=\"true\" aria-invalid=\"false\" value=\"\" type=\"date\" name=\"date-fin\" \/><\/span><\/label>\n<\/p>\n<p><label for=\"horaire-debut\"><strong>Horaire du d\u00e9but de la r\u00e9servation (Obligatoire)<\/strong><br \/>\n<span class=\"wpcf7-form-control-wrap\" data-name=\"horaire-debut\"><input size=\"3\" maxlength=\"400\" class=\"wpcf7-form-control wpcf7-text wpcf7-validates-as-required\" id=\"horaire-debut\" aria-required=\"true\" aria-invalid=\"false\" value=\"....H....\" type=\"text\" name=\"horaire-debut\" \/><\/span><\/label>\n<\/p>\n<p><label for=\"horaire-fin\"><strong>Horaire de fin de la r\u00e9servation (Obligatoire)<\/strong><br \/>\n<span class=\"wpcf7-form-control-wrap\" data-name=\"horaire-fin\"><input size=\"3\" maxlength=\"400\" class=\"wpcf7-form-control wpcf7-text wpcf7-validates-as-required\" id=\"horaire-fin\" aria-required=\"true\" aria-invalid=\"false\" value=\"....H....\" type=\"text\" name=\"horaire-fin\" \/><\/span><\/label>\n<\/p>\n<p>R\u00e8glement (pour salle Pierre CHORIBIT) d\u2019avance par ch\u00e8que \u00e0 l\u2019ordre du Tr\u00e9sor public, le montant de la r\u00e9servation correspondant \u00e0 la p\u00e9riode cit\u00e9e pr\u00e9c\u00e9demment, suivant les tarifs en vigueur.<br \/>\nEn cons\u00e9quence, je d\u00e9charge Monsieur le Maire de HASPARREN de toute responsabilit\u00e9 en cas de vol, d\u2019inondation ou toute autre d\u00e9gradation concernant les \u0153uvres expos\u00e9es, \u00e9tant entendu que le soussign\u00e9 se charge de contracter personnellement une assurance couvrant les risques cit\u00e9s ci-dessus, ainsi que les risques en tant qu\u2019occupant des lieux.\n<\/p>\n<p>[recaptcha]\n<\/p>\n<p><input class=\"wpcf7-form-control wpcf7-submit has-spinner\" type=\"submit\" value=\"Envoyer\" \/>\n<\/p><input type='hidden' class='wpcf7-pum' value='{\"closepopup\":false,\"closedelay\":0,\"openpopup\":false,\"openpopup_id\":0}' \/><div class=\"wpcf7-response-output\" aria-hidden=\"true\"><\/div>\n<\/form>\n<\/div>\n\n","protected":false},"excerpt":{"rendered":"","protected":false},"author":3,"featured_media":0,"parent":0,"menu_order":0,"comment_status":"closed","ping_status":"closed","template":"","meta":{"cybocfi_hide_featured_image":"","footnotes":""},"class_list":["post-10276","page","type-page","status-publish","hentry","clearfix"],"yoast_head":"<!-- This site is optimized with the Yoast SEO plugin v27.6 - https:\/\/yoast.com\/product\/yoast-seo-wordpress\/ -->\n<title>Demande de r\u00e9servation Salles d\u2019exposition - TEST<\/title>\n<meta name=\"robots\" content=\"noindex, follow, max-snippet:-1, max-image-preview:large, max-video-preview:-1\" \/>\n<meta property=\"og:locale\" content=\"fr_FR\" \/>\n<meta property=\"og:type\" content=\"article\" \/>\n<meta property=\"og:title\" content=\"Demande de r\u00e9servation Salles d\u2019exposition - TEST\" \/>\n<meta property=\"og:url\" content=\"http:\/\/s486948380.onlinehome.fr\/NewWp\/demande-de-reservation-salles-dexposition\/\" \/>\n<meta property=\"og:site_name\" content=\"TEST\" \/>\n<meta property=\"article:modified_time\" content=\"2021-06-16T13:20:49+00:00\" \/>\n<meta name=\"twitter:card\" content=\"summary_large_image\" \/>\n<script type=\"application\/ld+json\" class=\"yoast-schema-graph\">{\"@context\":\"https:\\\/\\\/schema.org\",\"@graph\":[{\"@type\":\"WebPage\",\"@id\":\"http:\\\/\\\/s486948380.onlinehome.fr\\\/NewWp\\\/demande-de-reservation-salles-dexposition\\\/\",\"url\":\"http:\\\/\\\/s486948380.onlinehome.fr\\\/NewWp\\\/demande-de-reservation-salles-dexposition\\\/\",\"name\":\"Demande de r\u00e9servation Salles d\u2019exposition - TEST\",\"isPartOf\":{\"@id\":\"http:\\\/\\\/s486948380.onlinehome.fr\\\/NewWp\\\/#website\"},\"datePublished\":\"2020-04-30T16:43:21+00:00\",\"dateModified\":\"2021-06-16T13:20:49+00:00\",\"breadcrumb\":{\"@id\":\"http:\\\/\\\/s486948380.onlinehome.fr\\\/NewWp\\\/demande-de-reservation-salles-dexposition\\\/#breadcrumb\"},\"inLanguage\":\"fr-FR\",\"potentialAction\":[{\"@type\":\"ReadAction\",\"target\":[\"http:\\\/\\\/s486948380.onlinehome.fr\\\/NewWp\\\/demande-de-reservation-salles-dexposition\\\/\"]}]},{\"@type\":\"BreadcrumbList\",\"@id\":\"http:\\\/\\\/s486948380.onlinehome.fr\\\/NewWp\\\/demande-de-reservation-salles-dexposition\\\/#breadcrumb\",\"itemListElement\":[{\"@type\":\"ListItem\",\"position\":1,\"name\":\"Accueil\",\"item\":\"http:\\\/\\\/s486948380.onlinehome.fr\\\/NewWp\\\/\"},{\"@type\":\"ListItem\",\"position\":2,\"name\":\"Demande de r\u00e9servation Salles d\u2019exposition\"}]},{\"@type\":\"WebSite\",\"@id\":\"http:\\\/\\\/s486948380.onlinehome.fr\\\/NewWp\\\/#website\",\"url\":\"http:\\\/\\\/s486948380.onlinehome.fr\\\/NewWp\\\/\",\"name\":\"TEST\",\"description\":\"TEST\",\"potentialAction\":[{\"@type\":\"SearchAction\",\"target\":{\"@type\":\"EntryPoint\",\"urlTemplate\":\"http:\\\/\\\/s486948380.onlinehome.fr\\\/NewWp\\\/?s={search_term_string}\"},\"query-input\":{\"@type\":\"PropertyValueSpecification\",\"valueRequired\":true,\"valueName\":\"search_term_string\"}}],\"inLanguage\":\"fr-FR\"}]}<\/script>\n<!-- \/ Yoast SEO plugin. -->","yoast_head_json":{"title":"Demande de r\u00e9servation Salles d\u2019exposition - TEST","robots":{"index":"noindex","follow":"follow","max-snippet":"max-snippet:-1","max-image-preview":"max-image-preview:large","max-video-preview":"max-video-preview:-1"},"og_locale":"fr_FR","og_type":"article","og_title":"Demande de r\u00e9servation Salles d\u2019exposition - TEST","og_url":"http:\/\/s486948380.onlinehome.fr\/NewWp\/demande-de-reservation-salles-dexposition\/","og_site_name":"TEST","article_modified_time":"2021-06-16T13:20:49+00:00","twitter_card":"summary_large_image","schema":{"@context":"https:\/\/schema.org","@graph":[{"@type":"WebPage","@id":"http:\/\/s486948380.onlinehome.fr\/NewWp\/demande-de-reservation-salles-dexposition\/","url":"http:\/\/s486948380.onlinehome.fr\/NewWp\/demande-de-reservation-salles-dexposition\/","name":"Demande de r\u00e9servation Salles d\u2019exposition - TEST","isPartOf":{"@id":"http:\/\/s486948380.onlinehome.fr\/NewWp\/#website"},"datePublished":"2020-04-30T16:43:21+00:00","dateModified":"2021-06-16T13:20:49+00:00","breadcrumb":{"@id":"http:\/\/s486948380.onlinehome.fr\/NewWp\/demande-de-reservation-salles-dexposition\/#breadcrumb"},"inLanguage":"fr-FR","potentialAction":[{"@type":"ReadAction","target":["http:\/\/s486948380.onlinehome.fr\/NewWp\/demande-de-reservation-salles-dexposition\/"]}]},{"@type":"BreadcrumbList","@id":"http:\/\/s486948380.onlinehome.fr\/NewWp\/demande-de-reservation-salles-dexposition\/#breadcrumb","itemListElement":[{"@type":"ListItem","position":1,"name":"Accueil","item":"http:\/\/s486948380.onlinehome.fr\/NewWp\/"},{"@type":"ListItem","position":2,"name":"Demande de r\u00e9servation Salles d\u2019exposition"}]},{"@type":"WebSite","@id":"http:\/\/s486948380.onlinehome.fr\/NewWp\/#website","url":"http:\/\/s486948380.onlinehome.fr\/NewWp\/","name":"TEST","description":"TEST","potentialAction":[{"@type":"SearchAction","target":{"@type":"EntryPoint","urlTemplate":"http:\/\/s486948380.onlinehome.fr\/NewWp\/?s={search_term_string}"},"query-input":{"@type":"PropertyValueSpecification","valueRequired":true,"valueName":"search_term_string"}}],"inLanguage":"fr-FR"}]}},"jetpack_shortlink":"https:\/\/wp.me\/PbFsbM-2FK","jetpack_sharing_enabled":true,"_links":{"self":[{"href":"http:\/\/s486948380.onlinehome.fr\/NewWp\/wp-json\/wp\/v2\/pages\/10276","targetHints":{"allow":["GET"]}}],"collection":[{"href":"http:\/\/s486948380.onlinehome.fr\/NewWp\/wp-json\/wp\/v2\/pages"}],"about":[{"href":"http:\/\/s486948380.onlinehome.fr\/NewWp\/wp-json\/wp\/v2\/types\/page"}],"author":[{"embeddable":true,"href":"http:\/\/s486948380.onlinehome.fr\/NewWp\/wp-json\/wp\/v2\/users\/3"}],"replies":[{"embeddable":true,"href":"http:\/\/s486948380.onlinehome.fr\/NewWp\/wp-json\/wp\/v2\/comments?post=10276"}],"version-history":[{"count":1,"href":"http:\/\/s486948380.onlinehome.fr\/NewWp\/wp-json\/wp\/v2\/pages\/10276\/revisions"}],"predecessor-version":[{"id":10277,"href":"http:\/\/s486948380.onlinehome.fr\/NewWp\/wp-json\/wp\/v2\/pages\/10276\/revisions\/10277"}],"wp:attachment":[{"href":"http:\/\/s486948380.onlinehome.fr\/NewWp\/wp-json\/wp\/v2\/media?parent=10276"}],"curies":[{"name":"wp","href":"https:\/\/api.w.org\/{rel}","templated":true}]}}