{"id":9251,"date":"2020-04-20T10:42:22","date_gmt":"2020-04-20T08:42:22","guid":{"rendered":"http:\/\/s486948380.onlinehome.fr\/NewWp\/vie-quotidienne\/"},"modified":"2021-04-20T17:09:01","modified_gmt":"2021-04-20T15:09:01","slug":"la-vie-pratique","status":"publish","type":"page","link":"http:\/\/s486948380.onlinehome.fr\/NewWp\/eu\/la-vie-pratique\/","title":{"rendered":"Vie pratique"},"content":{"rendered":"<div class=\"row sc  \"><div class=\"item col-sm-6 \"><div class=\"pe-anibox\"><figure class=\"effect-julia\" style=\"max-width: 500px; max-height: 300px;\"><img decoding=\"async\" src=\"http:\/\/s486948380.onlinehome.fr\/NewWp\/wp-content\/uploads\/2021\/03\/fond-categorie-Hasparren.jpg\" alt=\" Acc\u00e8der a la page Infos pratiques\" \/><figcaption><h2  style=\"color: #000000;\"> Infos pratiques <\/h2><p class=\"subtitle\"  style=\"color: #000000;\"> Actualit\u00e9, boite \u00e0 id\u00e9es ..<\/p><a  style=\"color: #000000;\" href=\"http:\/\/s486948380.onlinehome.fr\/NewWp\/eu\/eguneroko-bizitza\/argibide-baliagariak\/\" title=\" Infos pratiques \" target=\"_self\"> Infos pratiques <\/a><\/figcaption><\/figure><\/div><\/div>\n<div class=\"item col-sm-6 \"> <div class=\"pe-anibox\"><figure class=\"effect-julia\" style=\"max-width: 500px; max-height: 300px;\"><img decoding=\"async\" src=\"http:\/\/s486948380.onlinehome.fr\/NewWp\/wp-content\/uploads\/2021\/03\/fond-categorie-Hasparren.jpg\" alt=\"Acc\u00e8der a la page \u00c9cologie au quotidien\" \/><figcaption><h2  style=\"color: #000000;\"> \u00c9cologie au quotidien  <\/h2><p class=\"subtitle\"  style=\"color: #000000;\"> D\u00e9ch\u00e8terie, eau, air ... <\/p><a  style=\"color: #000000;\" href=\"http:\/\/s486948380.onlinehome.fr\/NewWp\/eu\/eguneroko-bizitza\/ecologie-au-quotidien\/\" title=\" \u00c9cologie au quotidien  \" target=\"_self\"> \u00c9cologie au quotidien  <\/a><\/figcaption><\/figure><\/div><\/div>\n<div class=\"item col-sm-6 \"><div class=\"pe-anibox\"><figure class=\"effect-julia\" style=\"max-width: 500px; max-height: 300px;\"><img decoding=\"async\" src=\"http:\/\/s486948380.onlinehome.fr\/NewWp\/wp-content\/uploads\/2021\/03\/fond-categorie-Hasparren.jpg\" alt=\" Acceder \u00e0 la page Urbanisme\" \/><figcaption><h2  style=\"color: #000000;\"> Urbanisme <\/h2><p class=\"subtitle\"  style=\"color: #000000;\"> PLUI.. <\/p><a  style=\"color: #000000;\" href=\"http:\/\/s486948380.onlinehome.fr\/NewWp\/eu\/eguneroko-bizitza\/hirigintza\/\" title=\" Urbanisme \" target=\"_self\"> Urbanisme <\/a><\/figcaption><\/figure><\/div><\/div>\n<div class=\"item col-sm-6 \"><div class=\"pe-anibox\"><figure class=\"effect-julia\" style=\"max-width: 500px; max-height: 300px;\"><img decoding=\"async\" src=\"http:\/\/s486948380.onlinehome.fr\/NewWp\/wp-content\/uploads\/2021\/03\/fond-categorie-Hasparren.jpg\" alt=\" Acceder \u00e0 la page Sant\u00e9\" \/><figcaption><h2  style=\"color: #000000;\"> Sant\u00e9 <\/h2><p class=\"subtitle\"  style=\"color: #000000;\"> Num\u00e9ros d&#039;urgence .. <\/p><a  style=\"color: #000000;\" href=\"http:\/\/s486948380.onlinehome.fr\/NewWp\/eu\/eguneroko-bizitza\/sante\/\" title=\" Sant\u00e9 \" target=\"_self\"> Sant\u00e9 <\/a><\/figcaption><\/figure><\/div><\/div>\n<div class=\"item col-sm-6 \"><div class=\"pe-anibox\"><figure class=\"effect-julia\" style=\"max-width: 500px; max-height: 300px;\"><img decoding=\"async\" src=\"http:\/\/s486948380.onlinehome.fr\/NewWp\/wp-content\/uploads\/2021\/03\/fond-categorie-Hasparren.jpg\" alt=\" Acceder \u00e0 la page \u00c9conomie\" \/><figcaption><h2  style=\"color: #000000;\"> \u00c9conomie <\/h2><p class=\"subtitle\"  style=\"color: #000000;\"> Artisans, commer\u00e7ants .. <\/p><a  style=\"color: #000000;\" href=\"http:\/\/s486948380.onlinehome.fr\/NewWp\/eu\/eguneroko-bizitza\/economie\/\" title=\" \u00c9conomie \" target=\"_self\"> \u00c9conomie <\/a><\/figcaption><\/figure><\/div><\/div>\n<div class=\"item col-sm-6 \"><div class=\"pe-anibox\"><figure class=\"effect-julia\" style=\"max-width: 500px; max-height: 300px;\"><img decoding=\"async\" src=\"http:\/\/s486948380.onlinehome.fr\/NewWp\/wp-content\/uploads\/2021\/03\/fond-categorie-Hasparren.jpg\" alt=\" Acceder \u00e0 la page Se d\u00e9placer\" \/><figcaption><h2  style=\"color: #000000;\"> Se d\u00e9placer <\/h2><p class=\"subtitle\"  style=\"color: #000000;\"> Bus.. <\/p><a  style=\"color: #000000;\" href=\"http:\/\/s486948380.onlinehome.fr\/NewWp\/eu\/eguneroko-bizitza\/se-deplacer-eu\/\" title=\" Se d\u00e9placer \" target=\"_self\"> Se d\u00e9placer <\/a><\/figcaption><\/figure><\/div><\/div>\n<\/div>\n","protected":false},"excerpt":{"rendered":"","protected":false},"author":3,"featured_media":13133,"parent":0,"menu_order":0,"comment_status":"closed","ping_status":"closed","template":"page-templates\/page-content-right.php","meta":{"cybocfi_hide_featured_image":"","footnotes":""},"class_list":["post-9251","page","type-page","status-publish","has-post-thumbnail","hentry","clearfix"],"yoast_head":"<!-- This site is optimized with the Yoast SEO plugin v27.6 - https:\/\/yoast.com\/product\/yoast-seo-wordpress\/ -->\n<title>Vie pratique - TEST<\/title>\n<meta name=\"robots\" content=\"noindex, follow, max-snippet:-1, max-image-preview:large, max-video-preview:-1\" \/>\n<meta property=\"og:locale\" content=\"eu_ES\" \/>\n<meta property=\"og:type\" content=\"article\" \/>\n<meta property=\"og:title\" content=\"Vie pratique - TEST\" \/>\n<meta property=\"og:url\" content=\"http:\/\/s486948380.onlinehome.fr\/NewWp\/eu\/la-vie-pratique\/\" \/>\n<meta property=\"og:site_name\" content=\"TEST\" \/>\n<meta property=\"article:modified_time\" content=\"2021-04-20T15:09:01+00:00\" \/>\n<meta property=\"og:image\" content=\"http:\/\/s486948380.onlinehome.fr\/NewWp\/wp-content\/uploads\/2020\/10\/hasparren-categorie-e1605709389335.jpg\" \/>\n\t<meta property=\"og:image:width\" content=\"895\" \/>\n\t<meta property=\"og:image:height\" content=\"443\" \/>\n\t<meta property=\"og:image:type\" content=\"image\/jpeg\" \/>\n<meta name=\"twitter:card\" content=\"summary_large_image\" \/>\n<meta name=\"twitter:label1\" content=\"Est. reading time\" \/>\n\t<meta name=\"twitter:data1\" content=\"2 minutes\" \/>\n<script type=\"application\/ld+json\" class=\"yoast-schema-graph\">{\"@context\":\"https:\\\/\\\/schema.org\",\"@graph\":[{\"@type\":\"WebPage\",\"@id\":\"http:\\\/\\\/s486948380.onlinehome.fr\\\/NewWp\\\/eu\\\/la-vie-pratique\\\/\",\"url\":\"http:\\\/\\\/s486948380.onlinehome.fr\\\/NewWp\\\/eu\\\/la-vie-pratique\\\/\",\"name\":\"Vie pratique - TEST\",\"isPartOf\":{\"@id\":\"http:\\\/\\\/s486948380.onlinehome.fr\\\/NewWp\\\/#website\"},\"primaryImageOfPage\":{\"@id\":\"http:\\\/\\\/s486948380.onlinehome.fr\\\/NewWp\\\/eu\\\/la-vie-pratique\\\/#primaryimage\"},\"image\":{\"@id\":\"http:\\\/\\\/s486948380.onlinehome.fr\\\/NewWp\\\/eu\\\/la-vie-pratique\\\/#primaryimage\"},\"thumbnailUrl\":\"http:\\\/\\\/s486948380.onlinehome.fr\\\/NewWp\\\/wp-content\\\/uploads\\\/2020\\\/10\\\/hasparren-categorie-e1605709389335.jpg\",\"datePublished\":\"2020-04-20T08:42:22+00:00\",\"dateModified\":\"2021-04-20T15:09:01+00:00\",\"breadcrumb\":{\"@id\":\"http:\\\/\\\/s486948380.onlinehome.fr\\\/NewWp\\\/eu\\\/la-vie-pratique\\\/#breadcrumb\"},\"inLanguage\":\"eu-ES\",\"potentialAction\":[{\"@type\":\"ReadAction\",\"target\":[\"http:\\\/\\\/s486948380.onlinehome.fr\\\/NewWp\\\/eu\\\/la-vie-pratique\\\/\"]}]},{\"@type\":\"ImageObject\",\"inLanguage\":\"eu-ES\",\"@id\":\"http:\\\/\\\/s486948380.onlinehome.fr\\\/NewWp\\\/eu\\\/la-vie-pratique\\\/#primaryimage\",\"url\":\"http:\\\/\\\/s486948380.onlinehome.fr\\\/NewWp\\\/wp-content\\\/uploads\\\/2020\\\/10\\\/hasparren-categorie-e1605709389335.jpg\",\"contentUrl\":\"http:\\\/\\\/s486948380.onlinehome.fr\\\/NewWp\\\/wp-content\\\/uploads\\\/2020\\\/10\\\/hasparren-categorie-e1605709389335.jpg\",\"width\":895,\"height\":443,\"caption\":\"Cat\u00e9gorie du site Internet de la Ville de Hasparren\"},{\"@type\":\"BreadcrumbList\",\"@id\":\"http:\\\/\\\/s486948380.onlinehome.fr\\\/NewWp\\\/eu\\\/la-vie-pratique\\\/#breadcrumb\",\"itemListElement\":[{\"@type\":\"ListItem\",\"position\":1,\"name\":\"Accueil\",\"item\":\"http:\\\/\\\/s486948380.onlinehome.fr\\\/NewWp\\\/eu\\\/\"},{\"@type\":\"ListItem\",\"position\":2,\"name\":\"Vie pratique\"}]},{\"@type\":\"WebSite\",\"@id\":\"http:\\\/\\\/s486948380.onlinehome.fr\\\/NewWp\\\/#website\",\"url\":\"http:\\\/\\\/s486948380.onlinehome.fr\\\/NewWp\\\/\",\"name\":\"TEST\",\"description\":\"TEST\",\"potentialAction\":[{\"@type\":\"SearchAction\",\"target\":{\"@type\":\"EntryPoint\",\"urlTemplate\":\"http:\\\/\\\/s486948380.onlinehome.fr\\\/NewWp\\\/?s={search_term_string}\"},\"query-input\":{\"@type\":\"PropertyValueSpecification\",\"valueRequired\":true,\"valueName\":\"search_term_string\"}}],\"inLanguage\":\"eu-ES\"}]}<\/script>\n<!-- \/ Yoast SEO plugin. -->","yoast_head_json":{"title":"Vie pratique - TEST","robots":{"index":"noindex","follow":"follow","max-snippet":"max-snippet:-1","max-image-preview":"max-image-preview:large","max-video-preview":"max-video-preview:-1"},"og_locale":"eu_ES","og_type":"article","og_title":"Vie pratique - TEST","og_url":"http:\/\/s486948380.onlinehome.fr\/NewWp\/eu\/la-vie-pratique\/","og_site_name":"TEST","article_modified_time":"2021-04-20T15:09:01+00:00","og_image":[{"width":895,"height":443,"url":"http:\/\/s486948380.onlinehome.fr\/NewWp\/wp-content\/uploads\/2020\/10\/hasparren-categorie-e1605709389335.jpg","type":"image\/jpeg"}],"twitter_card":"summary_large_image","twitter_misc":{"Est. reading time":"2 minutes"},"schema":{"@context":"https:\/\/schema.org","@graph":[{"@type":"WebPage","@id":"http:\/\/s486948380.onlinehome.fr\/NewWp\/eu\/la-vie-pratique\/","url":"http:\/\/s486948380.onlinehome.fr\/NewWp\/eu\/la-vie-pratique\/","name":"Vie pratique - TEST","isPartOf":{"@id":"http:\/\/s486948380.onlinehome.fr\/NewWp\/#website"},"primaryImageOfPage":{"@id":"http:\/\/s486948380.onlinehome.fr\/NewWp\/eu\/la-vie-pratique\/#primaryimage"},"image":{"@id":"http:\/\/s486948380.onlinehome.fr\/NewWp\/eu\/la-vie-pratique\/#primaryimage"},"thumbnailUrl":"http:\/\/s486948380.onlinehome.fr\/NewWp\/wp-content\/uploads\/2020\/10\/hasparren-categorie-e1605709389335.jpg","datePublished":"2020-04-20T08:42:22+00:00","dateModified":"2021-04-20T15:09:01+00:00","breadcrumb":{"@id":"http:\/\/s486948380.onlinehome.fr\/NewWp\/eu\/la-vie-pratique\/#breadcrumb"},"inLanguage":"eu-ES","potentialAction":[{"@type":"ReadAction","target":["http:\/\/s486948380.onlinehome.fr\/NewWp\/eu\/la-vie-pratique\/"]}]},{"@type":"ImageObject","inLanguage":"eu-ES","@id":"http:\/\/s486948380.onlinehome.fr\/NewWp\/eu\/la-vie-pratique\/#primaryimage","url":"http:\/\/s486948380.onlinehome.fr\/NewWp\/wp-content\/uploads\/2020\/10\/hasparren-categorie-e1605709389335.jpg","contentUrl":"http:\/\/s486948380.onlinehome.fr\/NewWp\/wp-content\/uploads\/2020\/10\/hasparren-categorie-e1605709389335.jpg","width":895,"height":443,"caption":"Cat\u00e9gorie du site Internet de la Ville de Hasparren"},{"@type":"BreadcrumbList","@id":"http:\/\/s486948380.onlinehome.fr\/NewWp\/eu\/la-vie-pratique\/#breadcrumb","itemListElement":[{"@type":"ListItem","position":1,"name":"Accueil","item":"http:\/\/s486948380.onlinehome.fr\/NewWp\/eu\/"},{"@type":"ListItem","position":2,"name":"Vie pratique"}]},{"@type":"WebSite","@id":"http:\/\/s486948380.onlinehome.fr\/NewWp\/#website","url":"http:\/\/s486948380.onlinehome.fr\/NewWp\/","name":"TEST","description":"TEST","potentialAction":[{"@type":"SearchAction","target":{"@type":"EntryPoint","urlTemplate":"http:\/\/s486948380.onlinehome.fr\/NewWp\/?s={search_term_string}"},"query-input":{"@type":"PropertyValueSpecification","valueRequired":true,"valueName":"search_term_string"}}],"inLanguage":"eu-ES"}]}},"jetpack_shortlink":"https:\/\/wp.me\/PbFsbM-2pd","jetpack_sharing_enabled":true,"_links":{"self":[{"href":"http:\/\/s486948380.onlinehome.fr\/NewWp\/eu\/wp-json\/wp\/v2\/pages\/9251","targetHints":{"allow":["GET"]}}],"collection":[{"href":"http:\/\/s486948380.onlinehome.fr\/NewWp\/eu\/wp-json\/wp\/v2\/pages"}],"about":[{"href":"http:\/\/s486948380.onlinehome.fr\/NewWp\/eu\/wp-json\/wp\/v2\/types\/page"}],"author":[{"embeddable":true,"href":"http:\/\/s486948380.onlinehome.fr\/NewWp\/eu\/wp-json\/wp\/v2\/users\/3"}],"replies":[{"embeddable":true,"href":"http:\/\/s486948380.onlinehome.fr\/NewWp\/eu\/wp-json\/wp\/v2\/comments?post=9251"}],"version-history":[{"count":25,"href":"http:\/\/s486948380.onlinehome.fr\/NewWp\/eu\/wp-json\/wp\/v2\/pages\/9251\/revisions"}],"predecessor-version":[{"id":20150,"href":"http:\/\/s486948380.onlinehome.fr\/NewWp\/eu\/wp-json\/wp\/v2\/pages\/9251\/revisions\/20150"}],"wp:featuredmedia":[{"embeddable":true,"href":"http:\/\/s486948380.onlinehome.fr\/NewWp\/eu\/wp-json\/wp\/v2\/media\/13133"}],"wp:attachment":[{"href":"http:\/\/s486948380.onlinehome.fr\/NewWp\/eu\/wp-json\/wp\/v2\/media?parent=9251"}],"curies":[{"name":"wp","href":"https:\/\/api.w.org\/{rel}","templated":true}]}}