{"id":18422,"date":"2021-02-25T16:57:30","date_gmt":"2021-02-25T15:57:30","guid":{"rendered":"http:\/\/s486948380.onlinehome.fr\/NewWp\/?page_id=18422"},"modified":"2021-02-25T16:57:30","modified_gmt":"2021-02-25T15:57:30","slug":"agenda-de-hasparren","status":"publish","type":"page","link":"http:\/\/s486948380.onlinehome.fr\/NewWp\/eu\/agenda-de-hasparren\/","title":{"rendered":"Agenda de Hasparren"},"content":{"rendered":"<!=========Events Timeline Template 2.3.2=========><div id=\"event-timeline-wrapper\" class=\"all style-1\"><div class=\"cool-event-timeline\"><\/div><\/div><div class=\"ect-no-events\"><p>Il n&#39;y a pas d&#39;\u00e9v\u00e9nements \u00e0 venir pour le moment.<\/p><\/div>\n","protected":false},"excerpt":{"rendered":"","protected":false},"author":3,"featured_media":13133,"parent":0,"menu_order":0,"comment_status":"closed","ping_status":"closed","template":"page-templates\/page-full-width.php","meta":{"cybocfi_hide_featured_image":"","footnotes":""},"class_list":["post-18422","page","type-page","status-publish","has-post-thumbnail","hentry","clearfix"],"yoast_head":"<!-- This site is optimized with the Yoast SEO plugin v27.6 - https:\/\/yoast.com\/product\/yoast-seo-wordpress\/ -->\n<title>Agenda de Hasparren - TEST<\/title>\n<meta name=\"robots\" content=\"noindex, follow, max-snippet:-1, max-image-preview:large, max-video-preview:-1\" \/>\n<meta property=\"og:locale\" content=\"eu_ES\" \/>\n<meta property=\"og:type\" content=\"article\" \/>\n<meta property=\"og:title\" content=\"Agenda de Hasparren - TEST\" \/>\n<meta property=\"og:url\" content=\"http:\/\/s486948380.onlinehome.fr\/NewWp\/eu\/agenda-de-hasparren\/\" \/>\n<meta property=\"og:site_name\" content=\"TEST\" \/>\n<meta property=\"og:image\" content=\"http:\/\/s486948380.onlinehome.fr\/NewWp\/wp-content\/uploads\/2020\/10\/hasparren-categorie-e1605709389335.jpg\" \/>\n\t<meta property=\"og:image:width\" content=\"895\" \/>\n\t<meta property=\"og:image:height\" content=\"443\" \/>\n\t<meta property=\"og:image:type\" content=\"image\/jpeg\" \/>\n<meta name=\"twitter:card\" content=\"summary_large_image\" \/>\n<script type=\"application\/ld+json\" class=\"yoast-schema-graph\">{\"@context\":\"https:\\\/\\\/schema.org\",\"@graph\":[{\"@type\":\"WebPage\",\"@id\":\"http:\\\/\\\/s486948380.onlinehome.fr\\\/NewWp\\\/eu\\\/agenda-de-hasparren\\\/\",\"url\":\"http:\\\/\\\/s486948380.onlinehome.fr\\\/NewWp\\\/eu\\\/agenda-de-hasparren\\\/\",\"name\":\"Agenda de Hasparren - TEST\",\"isPartOf\":{\"@id\":\"http:\\\/\\\/s486948380.onlinehome.fr\\\/NewWp\\\/#website\"},\"primaryImageOfPage\":{\"@id\":\"http:\\\/\\\/s486948380.onlinehome.fr\\\/NewWp\\\/eu\\\/agenda-de-hasparren\\\/#primaryimage\"},\"image\":{\"@id\":\"http:\\\/\\\/s486948380.onlinehome.fr\\\/NewWp\\\/eu\\\/agenda-de-hasparren\\\/#primaryimage\"},\"thumbnailUrl\":\"http:\\\/\\\/s486948380.onlinehome.fr\\\/NewWp\\\/wp-content\\\/uploads\\\/2020\\\/10\\\/hasparren-categorie-e1605709389335.jpg\",\"datePublished\":\"2021-02-25T15:57:30+00:00\",\"breadcrumb\":{\"@id\":\"http:\\\/\\\/s486948380.onlinehome.fr\\\/NewWp\\\/eu\\\/agenda-de-hasparren\\\/#breadcrumb\"},\"inLanguage\":\"eu-ES\",\"potentialAction\":[{\"@type\":\"ReadAction\",\"target\":[\"http:\\\/\\\/s486948380.onlinehome.fr\\\/NewWp\\\/eu\\\/agenda-de-hasparren\\\/\"]}]},{\"@type\":\"ImageObject\",\"inLanguage\":\"eu-ES\",\"@id\":\"http:\\\/\\\/s486948380.onlinehome.fr\\\/NewWp\\\/eu\\\/agenda-de-hasparren\\\/#primaryimage\",\"url\":\"http:\\\/\\\/s486948380.onlinehome.fr\\\/NewWp\\\/wp-content\\\/uploads\\\/2020\\\/10\\\/hasparren-categorie-e1605709389335.jpg\",\"contentUrl\":\"http:\\\/\\\/s486948380.onlinehome.fr\\\/NewWp\\\/wp-content\\\/uploads\\\/2020\\\/10\\\/hasparren-categorie-e1605709389335.jpg\",\"width\":895,\"height\":443,\"caption\":\"Cat\u00e9gorie du site Internet de la Ville de Hasparren\"},{\"@type\":\"BreadcrumbList\",\"@id\":\"http:\\\/\\\/s486948380.onlinehome.fr\\\/NewWp\\\/eu\\\/agenda-de-hasparren\\\/#breadcrumb\",\"itemListElement\":[{\"@type\":\"ListItem\",\"position\":1,\"name\":\"Accueil\",\"item\":\"http:\\\/\\\/s486948380.onlinehome.fr\\\/NewWp\\\/eu\\\/\"},{\"@type\":\"ListItem\",\"position\":2,\"name\":\"Agenda de Hasparren\"}]},{\"@type\":\"WebSite\",\"@id\":\"http:\\\/\\\/s486948380.onlinehome.fr\\\/NewWp\\\/#website\",\"url\":\"http:\\\/\\\/s486948380.onlinehome.fr\\\/NewWp\\\/\",\"name\":\"TEST\",\"description\":\"TEST\",\"potentialAction\":[{\"@type\":\"SearchAction\",\"target\":{\"@type\":\"EntryPoint\",\"urlTemplate\":\"http:\\\/\\\/s486948380.onlinehome.fr\\\/NewWp\\\/?s={search_term_string}\"},\"query-input\":{\"@type\":\"PropertyValueSpecification\",\"valueRequired\":true,\"valueName\":\"search_term_string\"}}],\"inLanguage\":\"eu-ES\"}]}<\/script>\n<!-- \/ Yoast SEO plugin. -->","yoast_head_json":{"title":"Agenda de Hasparren - TEST","robots":{"index":"noindex","follow":"follow","max-snippet":"max-snippet:-1","max-image-preview":"max-image-preview:large","max-video-preview":"max-video-preview:-1"},"og_locale":"eu_ES","og_type":"article","og_title":"Agenda de Hasparren - TEST","og_url":"http:\/\/s486948380.onlinehome.fr\/NewWp\/eu\/agenda-de-hasparren\/","og_site_name":"TEST","og_image":[{"width":895,"height":443,"url":"http:\/\/s486948380.onlinehome.fr\/NewWp\/wp-content\/uploads\/2020\/10\/hasparren-categorie-e1605709389335.jpg","type":"image\/jpeg"}],"twitter_card":"summary_large_image","schema":{"@context":"https:\/\/schema.org","@graph":[{"@type":"WebPage","@id":"http:\/\/s486948380.onlinehome.fr\/NewWp\/eu\/agenda-de-hasparren\/","url":"http:\/\/s486948380.onlinehome.fr\/NewWp\/eu\/agenda-de-hasparren\/","name":"Agenda de Hasparren - TEST","isPartOf":{"@id":"http:\/\/s486948380.onlinehome.fr\/NewWp\/#website"},"primaryImageOfPage":{"@id":"http:\/\/s486948380.onlinehome.fr\/NewWp\/eu\/agenda-de-hasparren\/#primaryimage"},"image":{"@id":"http:\/\/s486948380.onlinehome.fr\/NewWp\/eu\/agenda-de-hasparren\/#primaryimage"},"thumbnailUrl":"http:\/\/s486948380.onlinehome.fr\/NewWp\/wp-content\/uploads\/2020\/10\/hasparren-categorie-e1605709389335.jpg","datePublished":"2021-02-25T15:57:30+00:00","breadcrumb":{"@id":"http:\/\/s486948380.onlinehome.fr\/NewWp\/eu\/agenda-de-hasparren\/#breadcrumb"},"inLanguage":"eu-ES","potentialAction":[{"@type":"ReadAction","target":["http:\/\/s486948380.onlinehome.fr\/NewWp\/eu\/agenda-de-hasparren\/"]}]},{"@type":"ImageObject","inLanguage":"eu-ES","@id":"http:\/\/s486948380.onlinehome.fr\/NewWp\/eu\/agenda-de-hasparren\/#primaryimage","url":"http:\/\/s486948380.onlinehome.fr\/NewWp\/wp-content\/uploads\/2020\/10\/hasparren-categorie-e1605709389335.jpg","contentUrl":"http:\/\/s486948380.onlinehome.fr\/NewWp\/wp-content\/uploads\/2020\/10\/hasparren-categorie-e1605709389335.jpg","width":895,"height":443,"caption":"Cat\u00e9gorie du site Internet de la Ville de Hasparren"},{"@type":"BreadcrumbList","@id":"http:\/\/s486948380.onlinehome.fr\/NewWp\/eu\/agenda-de-hasparren\/#breadcrumb","itemListElement":[{"@type":"ListItem","position":1,"name":"Accueil","item":"http:\/\/s486948380.onlinehome.fr\/NewWp\/eu\/"},{"@type":"ListItem","position":2,"name":"Agenda de Hasparren"}]},{"@type":"WebSite","@id":"http:\/\/s486948380.onlinehome.fr\/NewWp\/#website","url":"http:\/\/s486948380.onlinehome.fr\/NewWp\/","name":"TEST","description":"TEST","potentialAction":[{"@type":"SearchAction","target":{"@type":"EntryPoint","urlTemplate":"http:\/\/s486948380.onlinehome.fr\/NewWp\/?s={search_term_string}"},"query-input":{"@type":"PropertyValueSpecification","valueRequired":true,"valueName":"search_term_string"}}],"inLanguage":"eu-ES"}]}},"jetpack_shortlink":"https:\/\/wp.me\/PbFsbM-4N8","jetpack_sharing_enabled":true,"_links":{"self":[{"href":"http:\/\/s486948380.onlinehome.fr\/NewWp\/eu\/wp-json\/wp\/v2\/pages\/18422","targetHints":{"allow":["GET"]}}],"collection":[{"href":"http:\/\/s486948380.onlinehome.fr\/NewWp\/eu\/wp-json\/wp\/v2\/pages"}],"about":[{"href":"http:\/\/s486948380.onlinehome.fr\/NewWp\/eu\/wp-json\/wp\/v2\/types\/page"}],"author":[{"embeddable":true,"href":"http:\/\/s486948380.onlinehome.fr\/NewWp\/eu\/wp-json\/wp\/v2\/users\/3"}],"replies":[{"embeddable":true,"href":"http:\/\/s486948380.onlinehome.fr\/NewWp\/eu\/wp-json\/wp\/v2\/comments?post=18422"}],"version-history":[{"count":2,"href":"http:\/\/s486948380.onlinehome.fr\/NewWp\/eu\/wp-json\/wp\/v2\/pages\/18422\/revisions"}],"predecessor-version":[{"id":18425,"href":"http:\/\/s486948380.onlinehome.fr\/NewWp\/eu\/wp-json\/wp\/v2\/pages\/18422\/revisions\/18425"}],"wp:featuredmedia":[{"embeddable":true,"href":"http:\/\/s486948380.onlinehome.fr\/NewWp\/eu\/wp-json\/wp\/v2\/media\/13133"}],"wp:attachment":[{"href":"http:\/\/s486948380.onlinehome.fr\/NewWp\/eu\/wp-json\/wp\/v2\/media?parent=18422"}],"curies":[{"name":"wp","href":"https:\/\/api.w.org\/{rel}","templated":true}]}}